{"id":759,"date":"2016-04-04T01:16:13","date_gmt":"2016-04-04T00:16:13","guid":{"rendered":"http:\/\/www.calvermell.cat\/wordpress\/?page_id=759"},"modified":"2016-04-04T17:11:16","modified_gmt":"2016-04-04T16:11:16","slug":"politica-de-cookies","status":"publish","type":"page","link":"https:\/\/www.calvermell.cat\/wordpress\/?page_id=759","title":{"rendered":"Pol\u00edtica de cookies"},"content":{"rendered":"<p>Una <em>cookie<\/em> (galeta) \u00e9s un petit fitxer de text que s\u2019emmagatzema al vostre navegador quan visiteu quasi totes les p\u00e0gines web. S\u2019utilitza per a que la web sigui capa\u00e7 de recordar la vostra visita quan torneu a navegar per aquesta p\u00e0gina. Les <em>cookies<\/em> solen emmagatzemar informaci\u00f3 de car\u00e0cter t\u00e8cnic, prefer\u00e8ncies personals, personalitzaci\u00f3 de continguts, estad\u00edstiques d\u2019\u00fas, enlla\u00e7os a xarxes socials, acc\u00e9s a comptes d\u2019usuari, etc. L\u2019objectiu de la <em>cookie<\/em> \u00e9s adaptar el contingut de la web al vostre perfil y necessitats. Sense <em>cookies<\/em> els serveis oferts per qualsevol p\u00e0gina es veurien molt minvats. Si voleu consultar m\u00e9s informaci\u00f3 sobre qu\u00e8 son les<em> cookies<\/em>, qu\u00e8 emmagatzemen, com eliminar-les, desactivar-les, etc. <a href=\"https:\/\/www.calvermell.cat\/wordpress\/?page_id=763\">accediu a aquest enlla\u00e7<\/a>.<\/p>\n<p><strong><em>Cookies<\/em> utilitzades en aquest lloc web<\/strong><br \/>\nSeguint les directrius de l\u2019Agencia Espa\u00f1ola de Protecci\u00f3n de Datos, detallem l\u2019\u00fas de <em>cookies<\/em> que fa aquesta web amb el fi d\u2019informar-vos amb la m\u00e0xima exactitud possible.<\/p>\n<p>Aquest lloc utilitza les seg\u00fcents <em>cookies<\/em> pr\u00f2pies:<\/p>\n<ul>\n<li><em>Cookies<\/em> de sessi\u00f3, para garantir que els usuaris que escriguin comentaris al blos siguin humans i no aplicacions automatitzades. \u00c9s una forma de combatre l\u2019spam.<\/li>\n<\/ul>\n<p>Aquest lloc utilitza les seg\u00fcents <em>cookies<\/em> de tercers:<\/p>\n<ul>\n<li>Google Analytics: Emmagatzema<em> cookies<\/em> per poder elaborar estad\u00edstiques sobre el tr\u00e0fic i volum de visites d\u2019aquesta web. A l\u2019utilitzar aquest lloc web esteu consentint el tractament d\u2019informaci\u00f3 sobre vost\u00e8 per Google. Per tant, l\u2019exercici de qualsevol dret en aquest sentit caldr\u00e0 fer-lo comunicant-vos directament amb Google.<\/li>\n<li>Google Maps: Recopila dades de navegaci\u00f3 de manera an\u00f2nima amb la finalitat d&#8217;oferir una millor experi\u00e8ncia d&#8217;usuari. <a href=\"http:\/\/www.google.com\/intl\/ca\/policies\/privacy\/\" target=\"_blank\">M\u00e9s informaci\u00f3.<\/a><\/li>\n<li>Xarxes socials: Cada xarxa social utilitza les seves pr\u00f2pies<em> cookies<\/em> para que podeu polsar botons del tipus M\u2019agrada o Compartir.<\/li>\n<\/ul>\n<p><strong>Desactivaci\u00f3 o eliminaci\u00f3 de <em>cookies<\/em><\/strong><br \/>\nEn qualsevol moment podreu exercir el vostre dret de desactivaci\u00f3 o eliminaci\u00f3 de <em>cookies<\/em> d\u2019aquest lloc web. Aquestes accions es realitzen de forma diferent en funci\u00f3 del navegador que esteu utilitzant. <a href=\"https:\/\/www.calvermell.cat\/wordpress\/?page_id=763\">Aqu\u00ed trobareu guies per als navegadors m\u00e9s populars<\/a>.<\/p>\n<p><strong>Notes addicionals<\/strong><\/p>\n<ul>\n<li>Ni aquesta web ni els seus representats legals es fan responsables ni del contingut ni de la certesa de les pol\u00edtiques de privadesa que puguin tenir els tercers esmentats en aquesta pol\u00edtica de cookies.<\/li>\n<li>Els navegadors web son les eines encarregades d\u2019emmagatzemar les <em>cookies<\/em> i \u00e9s des d\u2019aquests navegadors on podeu fer efectiu el vostre dret a la seva eliminaci\u00f3 o desactivaci\u00f3. Ni aquesta web ni els seus representants poden garantir-vos la correcta o incorrecta manipulaci\u00f3 de les <em>cookies<\/em> per part dels esmentats navegadors.<\/li>\n<li>En alguns cassos \u00e9s necessari instal\u00b7lar <em>cookies<\/em> per a que el navegador no oblidi la vostra decisi\u00f3 de no acceptaci\u00f3 de les mateixes.<\/li>\n<li>En el cas de las <em>cookies<\/em> de Google Analytics i Google Maps, aquesta empresa emmagatzema les<em> cookies<\/em> en serveis ubicats als Estats Units i es compromet a no compartir-la amb tercers, llevat dels cassos en que sigui necessari per al funcionament del sistema o quan la llei l\u2019obligui. Segons Google no guarda la vostra direcci\u00f3 IP. Google Inc. \u00e9s una companyia adherida a l\u2019Acord de Port Segur que garanteix que totes les dades transferides seran tractades amb un nivell de protecci\u00f3 en concordan\u00e7a amb la normativa europea. Podeu consultar informaci\u00f3 detallada sobre aix\u00f2 <a href=\"http:\/\/safeharbor.export.gov\/list.aspx\" target=\"_blank\">en aquest enlla\u00e7<\/a>. Si desitgeu informaci\u00f3 sobre l\u2019\u00fas que Google d\u00f3na a les <em>cookies<\/em> us adjuntem <a href=\"https:\/\/developers.google.com\/analytics\/devguides\/collection\/analyticsjs\/cookie-usage?hl=es&amp;csw=1#overview\" target=\"_blank\">aquest altre enlla\u00e7<\/a>.<\/li>\n<\/ul>\n<p>Per qualsevol dubte o consulta sobre aquesta pol\u00edtica de <em>cookies<\/em> podeu posar-vos en contacte amb nosaltres mitjan\u00e7ant la <a href=\"http:\/\/muntanya.planasantich.org\/contacte\/\">secci\u00f3 de contacte<\/a>.<\/p>\n","protected":false},"excerpt":{"rendered":"<p>Una cookie (galeta) \u00e9s un petit fitxer de text que s\u2019emmagatzema al vostre navegador quan visiteu quasi totes les p\u00e0gines web. S\u2019utilitza per a que la web sigui capa\u00e7 de recordar la vostra visita quan torneu a navegar per aquesta &hellip; <a href=\"https:\/\/www.calvermell.cat\/wordpress\/?page_id=759\">Continua llegint <span class=\"meta-nav\">&rarr;<\/span><\/a><\/p>\n","protected":false},"author":1,"featured_media":0,"parent":0,"menu_order":6,"comment_status":"closed","ping_status":"closed","template":"","meta":{"ngg_post_thumbnail":0,"footnotes":""},"class_list":["post-759","page","type-page","status-publish","hentry"],"_links":{"self":[{"href":"https:\/\/www.calvermell.cat\/wordpress\/index.php?rest_route=\/wp\/v2\/pages\/759","targetHints":{"allow":["GET"]}}],"collection":[{"href":"https:\/\/www.calvermell.cat\/wordpress\/index.php?rest_route=\/wp\/v2\/pages"}],"about":[{"href":"https:\/\/www.calvermell.cat\/wordpress\/index.php?rest_route=\/wp\/v2\/types\/page"}],"author":[{"embeddable":true,"href":"https:\/\/www.calvermell.cat\/wordpress\/index.php?rest_route=\/wp\/v2\/users\/1"}],"replies":[{"embeddable":true,"href":"https:\/\/www.calvermell.cat\/wordpress\/index.php?rest_route=%2Fwp%2Fv2%2Fcomments&post=759"}],"version-history":[{"count":5,"href":"https:\/\/www.calvermell.cat\/wordpress\/index.php?rest_route=\/wp\/v2\/pages\/759\/revisions"}],"predecessor-version":[{"id":767,"href":"https:\/\/www.calvermell.cat\/wordpress\/index.php?rest_route=\/wp\/v2\/pages\/759\/revisions\/767"}],"wp:attachment":[{"href":"https:\/\/www.calvermell.cat\/wordpress\/index.php?rest_route=%2Fwp%2Fv2%2Fmedia&parent=759"}],"curies":[{"name":"wp","href":"https:\/\/api.w.org\/{rel}","templated":true}]}}