{"id":763,"date":"2016-04-04T01:18:39","date_gmt":"2016-04-04T00:18:39","guid":{"rendered":"http:\/\/www.calvermell.cat\/wordpress\/?page_id=763"},"modified":"2016-04-04T17:11:34","modified_gmt":"2016-04-04T16:11:34","slug":"mes-informacio-sobre-les-cookies","status":"publish","type":"page","link":"https:\/\/www.calvermell.cat\/wordpress\/?page_id=763","title":{"rendered":"M\u00e9s informaci\u00f3 sobre les cookies"},"content":{"rendered":"<p><strong>Qu\u00e8 \u00e9s una cookie?<\/strong><br \/>\nUna cookie \u00e9s un fitxer de text inofensiu que s\u2019emmagatzema en el vostre navegador quan visiteu la majoria de p\u00e0gines web. La utilitat de la cookie \u00e9s que la web sigui capa\u00e7 de recordar la vostra visita quan torneu a navegar per aquesta p\u00e0gina. Malgrat que molta gent no ho sap, les cookies s\u2019estan utilitzant d\u2019en\u00e7\u00e0 20 anys, quan aparegueren els primers navegadors per a la World Wide Web.<\/p>\n<p><strong>Qu\u00e8 NO \u00c9S una cookie?<\/strong><br \/>\nNo \u00e9s un virus, ni un troi\u00e0, ni un cuc, ni spam, ni spyware, ni obre finestres pop-up.<\/p>\n<p><strong>Quina informaci\u00f3 emmagatzema una cookie?<\/strong><br \/>\nLes cookies no solen emmagatzemar informaci\u00f3 sensible sobre vost\u00e8, com tarjetes de cr\u00e8dit o dades banc\u00e0ries, fotografies, el vostre DNI o informaci\u00f3 personal, etc. Les dades que guarden s\u00f3n de car\u00e0cter t\u00e8cnic, prefer\u00e8ncies personals, personalitzaci\u00f3 de continguts, etc.<br \/>\nEl servidor web no l\u2019associa a vost\u00e8 com una persona si no a vostre navegador web. De fet, si vost\u00e8 navega habitualment amb Internet Explorer y prova a navegar por la mateixa web amb Firefox o Chrome veureu que la web no s\u2019adona que sou la mateixa persona, perqu\u00e8 en realitat est\u00e0 associant el navegador, no pas la persona.<\/p>\n<p><strong>Quin tipus de cookies hi ha?<\/strong><\/p>\n<ul>\n<li>Cookies t\u00e8cniques: Son las m\u00e9s elementals i permeten, entre altres coses, saber quan est\u00e0 navegant un hum\u00e0 o una aplicaci\u00f3 automatitzada, quan un usuari an\u00f2nim o un de registrat, tasques b\u00e0siques per al funcionament de qualsevol web din\u00e0mica.<\/li>\n<li>Cookies d\u2019an\u00e0lisi: Recullen informaci\u00f3 sobre el tipus de navegaci\u00f3 que esteu realitzant, les seccions que m\u00e9s utilitzeu, articles consultats, franja hor\u00e0ria, idioma, etc.<\/li>\n<li>Cookies publicit\u00e0ries: Muostren publicitat en funci\u00f3 del vostre navegador, el vostre pa\u00eds de proced\u00e8ncia, idioma, etc.<\/li>\n<\/ul>\n<p><strong>Qu\u00e8 s\u00f3n las cookies pr\u00f2pies i les de tercers?<\/strong><br \/>\nLes cookies propies s\u00f3n les generades per la p\u00e0gina que esteu visitant i les de tercers son les generades per serveis o prove\u00efdors externs com Facebook, Twitter, Google, etc.<\/p>\n<p><strong>Qu\u00e8 passa si desactivo les cookies?<\/strong><br \/>\nPer que entengueu l\u2019abast que pot tenir desactivar les cookies us posem alguns exemples:<\/p>\n<ul>\n<li>No podreu compartir continguts d\u2019aquesta web a Facebook, Twitter o qualsevol altra xarxa social.<\/li>\n<li>El lloc web no podr\u00e0 adaptar els continguts a les vostres prefer\u00e8ncies personals, com acostuma a passar en les botigues on-line.<\/li>\n<li>No podreu accedir \u00e0rees personals de les web, com per exemple El Meu Compte, o el Meu Perfil, o les Meves Comandes.<\/li>\n<li>Botigues on-line: Us ser\u00e0 impossible realitzar compres on-line, hauran de ser telef\u00f2niques o visitant f\u00edsicament la botiga si \u00e9s que el prove\u00efdor en disposa d\u2019aquest tipus.<\/li>\n<li>No ser\u00e0 possible personalitzar les vostres prefer\u00e8ncies geogr\u00e0fiques como franja hor\u00e0ria, divisa o idioma.<\/li>\n<li>El lloc web no podr\u00e0 realitzar anal\u00edtiques web sobre visitants i tr\u00e0fec en la web, el que dificultar\u00e0 que la web sigui competitiva.<\/li>\n<li>No podreu escriure al bloc, ni pujar fotos, publicar comentaris, valorar o puntuar continguts. La web tampoc podr\u00e0 saber si sou un hum\u00e0 o una aplicaci\u00f3 automatitzada que publica spam.<\/li>\n<li>No es podr\u00e0 mostrar publicitat sectoritzada, el que reduir\u00e0 els possibles ingressos publicitaris de la web.<\/li>\n<li>Totes las xarxes socials fan servir cookies, si les desactiveu no podreu utilitzar-ne cap.<\/li>\n<\/ul>\n<p><strong>Es poden eliminar les cookies?<\/strong><br \/>\nS\u00ed. No solament eliminar, tamb\u00e9 bloquejar, de forma general o particular per a un domini espec\u00edfic.<br \/>\nPer eliminar les cookies d\u2019un lloc web heu d\u2019anar a la configuraci\u00f3 del vostre navegador i all\u00ed podreu cercar les associades al domini en q\u00fcesti\u00f3 i procedir a la seva eliminaci\u00f3.<\/p>\n<p><strong>Configuraci\u00f3 de cookies per als navegadors m\u00e9s populars:<\/strong><\/p>\n<ul>\n<li><a href=\"http:\/\/windows.microsoft.com\/es-es\/internet-explorer\/delete-manage-cookies#ie=ie-11\" target=\"_blank\">Internet Explorer<\/a><\/li>\n<li><a href=\"https:\/\/support.mozilla.org\/es\/kb\/habilitar-y-deshabilitar-cookies-sitios-web-rastrear-preferencias?redirectlocale=es&amp;redirectslug=habilitar-y-deshabilitar-cookies-que-los-sitios-we\" target=\"_blank\">Mozilla Firefox<\/a><\/li>\n<li><a href=\"https:\/\/support.google.com\/chrome\/answer\/95647?hl=ca\" target=\"_blank\">Chrome<\/a><\/li>\n<li><a href=\"https:\/\/support.apple.com\/kb\/PH19214?locale=es_ES\" target=\"_blank\">Safari<\/a><\/li>\n<\/ul>\n","protected":false},"excerpt":{"rendered":"<p>Qu\u00e8 \u00e9s una cookie? Una cookie \u00e9s un fitxer de text inofensiu que s\u2019emmagatzema en el vostre navegador quan visiteu la majoria de p\u00e0gines web. La utilitat de la cookie \u00e9s que la web sigui capa\u00e7 de recordar la vostra &hellip; <a href=\"https:\/\/www.calvermell.cat\/wordpress\/?page_id=763\">Continua llegint <span class=\"meta-nav\">&rarr;<\/span><\/a><\/p>\n","protected":false},"author":1,"featured_media":0,"parent":759,"menu_order":0,"comment_status":"closed","ping_status":"closed","template":"","meta":{"ngg_post_thumbnail":0,"footnotes":""},"class_list":["post-763","page","type-page","status-publish","hentry"],"_links":{"self":[{"href":"https:\/\/www.calvermell.cat\/wordpress\/index.php?rest_route=\/wp\/v2\/pages\/763","targetHints":{"allow":["GET"]}}],"collection":[{"href":"https:\/\/www.calvermell.cat\/wordpress\/index.php?rest_route=\/wp\/v2\/pages"}],"about":[{"href":"https:\/\/www.calvermell.cat\/wordpress\/index.php?rest_route=\/wp\/v2\/types\/page"}],"author":[{"embeddable":true,"href":"https:\/\/www.calvermell.cat\/wordpress\/index.php?rest_route=\/wp\/v2\/users\/1"}],"replies":[{"embeddable":true,"href":"https:\/\/www.calvermell.cat\/wordpress\/index.php?rest_route=%2Fwp%2Fv2%2Fcomments&post=763"}],"version-history":[{"count":1,"href":"https:\/\/www.calvermell.cat\/wordpress\/index.php?rest_route=\/wp\/v2\/pages\/763\/revisions"}],"predecessor-version":[{"id":764,"href":"https:\/\/www.calvermell.cat\/wordpress\/index.php?rest_route=\/wp\/v2\/pages\/763\/revisions\/764"}],"up":[{"embeddable":true,"href":"https:\/\/www.calvermell.cat\/wordpress\/index.php?rest_route=\/wp\/v2\/pages\/759"}],"wp:attachment":[{"href":"https:\/\/www.calvermell.cat\/wordpress\/index.php?rest_route=%2Fwp%2Fv2%2Fmedia&parent=763"}],"curies":[{"name":"wp","href":"https:\/\/api.w.org\/{rel}","templated":true}]}}